{"id":18,"date":"2021-04-25T22:52:30","date_gmt":"2021-04-25T20:52:30","guid":{"rendered":"http:\/\/infirmiereadomicile.fr\/infirmiexa820\/?page_id=18"},"modified":"2021-05-02T07:28:41","modified_gmt":"2021-05-02T05:28:41","slug":"acceder-a-mon-espace","status":"publish","type":"page","link":"https:\/\/infirmiereadomicile.fr\/infirmiexa820\/acceder-a-mon-espace\/","title":{"rendered":"Acc\u00e9der \u00e0 mon espace"},"content":{"rendered":"\t\t<div data-elementor-type=\"wp-page\" data-elementor-id=\"18\" class=\"elementor elementor-18\" data-elementor-settings=\"[]\">\n\t\t\t\t\t\t\t<div class=\"elementor-section-wrap\">\n\t\t\t\t\t\t\t<section class=\"elementor-section elementor-top-section elementor-element elementor-element-7de0203 elementor-section-boxed elementor-section-height-default elementor-section-height-default\" data-id=\"7de0203\" data-element_type=\"section\">\n\t\t\t\t\t\t<div class=\"elementor-container elementor-column-gap-default\">\n\t\t\t\t\t<div class=\"elementor-column elementor-col-100 elementor-top-column elementor-element elementor-element-640b6a2\" data-id=\"640b6a2\" data-element_type=\"column\">\n\t\t\t<div class=\"elementor-widget-wrap elementor-element-populated\">\n\t\t\t\t\t\t\t\t<div class=\"elementor-element elementor-element-a4921f7 e-grid-align-right elementor-shape-circle elementor-grid-4 elementor-widget elementor-widget-social-icons\" data-id=\"a4921f7\" data-element_type=\"widget\" data-widget_type=\"social-icons.default\">\n\t\t\t\t<div class=\"elementor-widget-container\">\n\t\t\t\t\t<div class=\"elementor-social-icons-wrapper elementor-grid\">\n\t\t\t\t\t\t\t<div class=\"elementor-grid-item\">\n\t\t\t\t\t<a class=\"elementor-icon elementor-social-icon elementor-social-icon-facebook elementor-repeater-item-cd21841\" target=\"_blank\">\n\t\t\t\t\t\t<span class=\"elementor-screen-only\">Facebook<\/span>\n\t\t\t\t\t\t<i class=\"fab fa-facebook\"><\/i>\t\t\t\t\t<\/a>\n\t\t\t\t<\/div>\n\t\t\t\t\t\t\t<div class=\"elementor-grid-item\">\n\t\t\t\t\t<a class=\"elementor-icon elementor-social-icon elementor-social-icon-twitter elementor-repeater-item-de7f356\" target=\"_blank\">\n\t\t\t\t\t\t<span class=\"elementor-screen-only\">Twitter<\/span>\n\t\t\t\t\t\t<i class=\"fab fa-twitter\"><\/i>\t\t\t\t\t<\/a>\n\t\t\t\t<\/div>\n\t\t\t\t\t\t\t<div class=\"elementor-grid-item\">\n\t\t\t\t\t<a class=\"elementor-icon elementor-social-icon elementor-social-icon-youtube elementor-repeater-item-558cae8\" target=\"_blank\">\n\t\t\t\t\t\t<span class=\"elementor-screen-only\">Youtube<\/span>\n\t\t\t\t\t\t<i class=\"fab fa-youtube\"><\/i>\t\t\t\t\t<\/a>\n\t\t\t\t<\/div>\n\t\t\t\t\t\t\t<div class=\"elementor-grid-item\">\n\t\t\t\t\t<a class=\"elementor-icon elementor-social-icon elementor-social-icon-linkedin elementor-repeater-item-dd7e671\" target=\"_blank\">\n\t\t\t\t\t\t<span class=\"elementor-screen-only\">Linkedin<\/span>\n\t\t\t\t\t\t<i class=\"fab fa-linkedin\"><\/i>\t\t\t\t\t<\/a>\n\t\t\t\t<\/div>\n\t\t\t\t\t<\/div>\n\t\t\t\t<\/div>\n\t\t\t\t<\/div>\n\t\t\t\t\t<\/div>\n\t\t<\/div>\n\t\t\t\t\t\t\t<\/div>\n\t\t<\/section>\n\t\t\t\t<section class=\"elementor-section elementor-top-section elementor-element elementor-element-de2fcee elementor-section-boxed elementor-section-height-default elementor-section-height-default\" data-id=\"de2fcee\" data-element_type=\"section\">\n\t\t\t\t\t\t<div class=\"elementor-container elementor-column-gap-default\">\n\t\t\t\t\t<div class=\"elementor-column elementor-col-33 elementor-top-column elementor-element elementor-element-e977d61\" data-id=\"e977d61\" data-element_type=\"column\">\n\t\t\t<div class=\"elementor-widget-wrap elementor-element-populated\">\n\t\t\t\t\t\t\t\t<div class=\"elementor-element elementor-element-e14d7e1 elementor-view-default elementor-widget elementor-widget-icon\" data-id=\"e14d7e1\" data-element_type=\"widget\" data-widget_type=\"icon.default\">\n\t\t\t\t<div class=\"elementor-widget-container\">\n\t\t\t\t\t<div class=\"elementor-icon-wrapper\">\n\t\t\t<div class=\"elementor-icon\">\n\t\t\t<i aria-hidden=\"true\" class=\"fas fa-stethoscope\"><\/i>\t\t\t<\/div>\n\t\t<\/div>\n\t\t\t\t<\/div>\n\t\t\t\t<\/div>\n\t\t\t\t<div class=\"elementor-element elementor-element-614ea39 elementor-widget elementor-widget-heading\" data-id=\"614ea39\" data-element_type=\"widget\" data-widget_type=\"heading.default\">\n\t\t\t\t<div class=\"elementor-widget-container\">\n\t\t\t<h2 class=\"elementor-heading-title elementor-size-default\">Partenaire de sant\u00e9<\/h2>\t\t<\/div>\n\t\t\t\t<\/div>\n\t\t\t\t<div class=\"elementor-element elementor-element-fad46ed elementor-widget elementor-widget-text-editor\" data-id=\"fad46ed\" data-element_type=\"widget\" data-widget_type=\"text-editor.default\">\n\t\t\t\t<div class=\"elementor-widget-container\">\n\t\t\t\t\t\t\t\t<form action=\"actioncptepartsante.php\" method=\"post\">\n<p>Votre email: <input name=\"email\" type=\"text\" \/><\/p>\n<p>Votre mot de passe : <input name=\"mdp\" size=\"12\" type=\"text\" \/><\/p>\n<p><input type=\"submit\" value=\"OK\" \/><\/p>\n<\/form><a href=\"enregistrement_pro.html\"> S&rsquo;inscrire<\/a>\t\t\t\t\t\t<\/div>\n\t\t\t\t<\/div>\n\t\t\t\t\t<\/div>\n\t\t<\/div>\n\t\t\t\t<div class=\"elementor-column elementor-col-33 elementor-top-column elementor-element elementor-element-97de6b4\" data-id=\"97de6b4\" data-element_type=\"column\">\n\t\t\t<div class=\"elementor-widget-wrap elementor-element-populated\">\n\t\t\t\t\t\t\t\t<div class=\"elementor-element elementor-element-8326bce elementor-view-default elementor-widget elementor-widget-icon\" data-id=\"8326bce\" data-element_type=\"widget\" data-widget_type=\"icon.default\">\n\t\t\t\t<div class=\"elementor-widget-container\">\n\t\t\t\t\t<div class=\"elementor-icon-wrapper\">\n\t\t\t<div class=\"elementor-icon\">\n\t\t\t<i aria-hidden=\"true\" class=\"fas fa-user-friends\"><\/i>\t\t\t<\/div>\n\t\t<\/div>\n\t\t\t\t<\/div>\n\t\t\t\t<\/div>\n\t\t\t\t<div class=\"elementor-element elementor-element-4741bee elementor-widget elementor-widget-heading\" data-id=\"4741bee\" data-element_type=\"widget\" data-widget_type=\"heading.default\">\n\t\t\t\t<div class=\"elementor-widget-container\">\n\t\t\t<h2 class=\"elementor-heading-title elementor-size-default\">Patient<\/h2>\t\t<\/div>\n\t\t\t\t<\/div>\n\t\t\t\t<div class=\"elementor-element elementor-element-4c25096d elementor-widget elementor-widget-text-editor\" data-id=\"4c25096d\" data-element_type=\"widget\" data-widget_type=\"text-editor.default\">\n\t\t\t\t<div class=\"elementor-widget-container\">\n\t\t\t\t\t\t\t\t<form action=\"actioncptepatient.php\" method=\"post\"><p>Votre email: <input name=\"email\" type=\"text\" \/><\/p><p>Votre mot de passe : <input name=\"mdp\" size=\"12\" type=\"text\" \/><\/p><p><input type=\"submit\" value=\"OK\" \/><\/p><\/form><p><a href=\"http:\/\/DemandePassword.html\">Mot de passe oubli\u00e9<\/a><\/p>\t\t\t\t\t\t<\/div>\n\t\t\t\t<\/div>\n\t\t\t\t\t<\/div>\n\t\t<\/div>\n\t\t\t\t<div class=\"elementor-column elementor-col-33 elementor-top-column elementor-element elementor-element-fb80690\" data-id=\"fb80690\" data-element_type=\"column\">\n\t\t\t<div class=\"elementor-widget-wrap elementor-element-populated\">\n\t\t\t\t\t\t\t\t<div class=\"elementor-element elementor-element-979009c elementor-view-default elementor-widget elementor-widget-icon\" data-id=\"979009c\" data-element_type=\"widget\" data-widget_type=\"icon.default\">\n\t\t\t\t<div class=\"elementor-widget-container\">\n\t\t\t\t\t<div class=\"elementor-icon-wrapper\">\n\t\t\t<div class=\"elementor-icon\">\n\t\t\t<i aria-hidden=\"true\" class=\"fas fa-syringe\"><\/i>\t\t\t<\/div>\n\t\t<\/div>\n\t\t\t\t<\/div>\n\t\t\t\t<\/div>\n\t\t\t\t<div class=\"elementor-element elementor-element-b9ec9bc elementor-widget elementor-widget-heading\" data-id=\"b9ec9bc\" data-element_type=\"widget\" data-widget_type=\"heading.default\">\n\t\t\t\t<div class=\"elementor-widget-container\">\n\t\t\t<h2 class=\"elementor-heading-title elementor-size-default\">Infirmier(e)<\/h2>\t\t<\/div>\n\t\t\t\t<\/div>\n\t\t\t\t<div class=\"elementor-element elementor-element-f608bf0 elementor-widget elementor-widget-text-editor\" data-id=\"f608bf0\" data-element_type=\"widget\" data-widget_type=\"text-editor.default\">\n\t\t\t\t<div class=\"elementor-widget-container\">\n\t\t\t\t\t\t\t\t<form action=\"actioncptepatient.php\" method=\"post\"><p>Votre email: <input name=\"email\" type=\"text\" \/><\/p><p>Votre mot de passe : <input name=\"mdp\" size=\"12\" type=\"text\" \/><\/p><p><input type=\"submit\" value=\"OK\" \/><\/p><\/form><p><a href=\"http:\/\/DemandePassword.html\">Mot de passe oubli\u00e9<\/a><\/p>\t\t\t\t\t\t<\/div>\n\t\t\t\t<\/div>\n\t\t\t\t\t<\/div>\n\t\t<\/div>\n\t\t\t\t\t\t\t<\/div>\n\t\t<\/section>\n\t\t\t\t\t\t<\/div>\n\t\t\t\t\t<\/div>\n\t\t","protected":false},"excerpt":{"rendered":"<p>Facebook Twitter Youtube Linkedin Partenaire de sant\u00e9 Votre email: Votre mot de passe : S&rsquo;inscrire Patient Votre email: Votre mot de passe : Mot de passe oubli\u00e9 Infirmier(e) Votre email: Votre mot de passe : Mot de passe oubli\u00e9<\/p>\n","protected":false},"author":1,"featured_media":0,"parent":0,"menu_order":0,"comment_status":"closed","ping_status":"closed","template":"","meta":[],"_links":{"self":[{"href":"https:\/\/infirmiereadomicile.fr\/infirmiexa820\/wp-json\/wp\/v2\/pages\/18"}],"collection":[{"href":"https:\/\/infirmiereadomicile.fr\/infirmiexa820\/wp-json\/wp\/v2\/pages"}],"about":[{"href":"https:\/\/infirmiereadomicile.fr\/infirmiexa820\/wp-json\/wp\/v2\/types\/page"}],"author":[{"embeddable":true,"href":"https:\/\/infirmiereadomicile.fr\/infirmiexa820\/wp-json\/wp\/v2\/users\/1"}],"replies":[{"embeddable":true,"href":"https:\/\/infirmiereadomicile.fr\/infirmiexa820\/wp-json\/wp\/v2\/comments?post=18"}],"version-history":[{"count":94,"href":"https:\/\/infirmiereadomicile.fr\/infirmiexa820\/wp-json\/wp\/v2\/pages\/18\/revisions"}],"predecessor-version":[{"id":275,"href":"https:\/\/infirmiereadomicile.fr\/infirmiexa820\/wp-json\/wp\/v2\/pages\/18\/revisions\/275"}],"wp:attachment":[{"href":"https:\/\/infirmiereadomicile.fr\/infirmiexa820\/wp-json\/wp\/v2\/media?parent=18"}],"curies":[{"name":"wp","href":"https:\/\/api.w.org\/{rel}","templated":true}]}}